{"id":1113,"date":"2022-10-31T17:18:38","date_gmt":"2022-10-31T16:18:38","guid":{"rendered":"https:\/\/desguacesebora.com\/?page_id=1113"},"modified":"2022-11-21T08:32:40","modified_gmt":"2022-11-21T07:32:40","slug":"novedades","status":"publish","type":"page","link":"https:\/\/desguacesebora.com\/en\/novedades\/","title":{"rendered":"Novedades"},"content":{"rendered":"<div data-elementor-type=\"wp-page\" data-elementor-id=\"1113\" class=\"elementor elementor-1113\" data-elementor-post-type=\"page\">\n\t\t\t\t\t\t<section class=\"elementor-section elementor-top-section elementor-element elementor-element-8369e18 elementor-section-boxed elementor-section-height-default elementor-section-height-default\" data-id=\"8369e18\" data-element_type=\"section\">\n\t\t\t\t\t\t<div class=\"elementor-container elementor-column-gap-default\">\n\t\t\t\t\t<div class=\"elementor-column elementor-col-100 elementor-top-column elementor-element elementor-element-be9a710\" data-id=\"be9a710\" data-element_type=\"column\" data-settings=\"{&quot;background_background&quot;:&quot;classic&quot;}\">\n\t\t\t<div class=\"elementor-widget-wrap elementor-element-populated\">\n\t\t\t\t\t\t<div class=\"elementor-element elementor-element-015b5da elementor-widget elementor-widget-spacer\" data-id=\"015b5da\" data-element_type=\"widget\" data-widget_type=\"spacer.default\">\n\t\t\t\t<div class=\"elementor-widget-container\">\n\t\t\t\t\t\t\t<div class=\"elementor-spacer\">\n\t\t\t<div class=\"elementor-spacer-inner\"><\/div>\n\t\t<\/div>\n\t\t\t\t\t\t<\/div>\n\t\t\t\t<\/div>\n\t\t\t\t<div class=\"elementor-element elementor-element-e4b074f elementor-widget elementor-widget-heading\" data-id=\"e4b074f\" data-element_type=\"widget\" data-widget_type=\"heading.default\">\n\t\t\t\t<div class=\"elementor-widget-container\">\n\t\t\t\t\t<h2 class=\"elementor-heading-title elementor-size-default\">NUESTRAS NOVEDADES<\/h2>\t\t\t\t<\/div>\n\t\t\t\t<\/div>\n\t\t\t\t<div class=\"elementor-element elementor-element-1287071 elementor-widget elementor-widget-text-editor\" data-id=\"1287071\" data-element_type=\"widget\" data-widget_type=\"text-editor.default\">\n\t\t\t\t<div class=\"elementor-widget-container\">\n\t\t\t\t\t\t\t\t\t<p><span style=\"color: #000000;\">Encuentra aqu\u00ed las ultimas novedades en cuanto a nuestro desguace, piezas, motores, recambios e informaci\u00f3n a destacar del mundo del desguace. Adem\u00e1s de nuestros consejos y recomendaciones.<\/span><\/p>\t\t\t\t\t\t\t\t<\/div>\n\t\t\t\t<\/div>\n\t\t\t\t<div class=\"elementor-element elementor-element-cab3e61 elementor-grid-3 elementor-grid-tablet-2 elementor-grid-mobile-1 elementor-posts--thumbnail-top elementor-card-shadow-yes elementor-posts__hover-gradient elementor-widget elementor-widget-posts\" data-id=\"cab3e61\" data-element_type=\"widget\" data-settings=\"{&quot;pagination_type&quot;:&quot;numbers_and_prev_next&quot;,&quot;cards_columns&quot;:&quot;3&quot;,&quot;cards_columns_tablet&quot;:&quot;2&quot;,&quot;cards_columns_mobile&quot;:&quot;1&quot;,&quot;cards_row_gap&quot;:{&quot;unit&quot;:&quot;px&quot;,&quot;size&quot;:35,&quot;sizes&quot;:[]},&quot;cards_row_gap_tablet&quot;:{&quot;unit&quot;:&quot;px&quot;,&quot;size&quot;:&quot;&quot;,&quot;sizes&quot;:[]},&quot;cards_row_gap_mobile&quot;:{&quot;unit&quot;:&quot;px&quot;,&quot;size&quot;:&quot;&quot;,&quot;sizes&quot;:[]}}\" data-widget_type=\"posts.cards\">\n\t\t\t\t<div class=\"elementor-widget-container\">\n\t\t\t\t\t\t\t<div class=\"elementor-posts-container elementor-posts elementor-posts--skin-cards elementor-grid\" role=\"list\">\n\t\t\t\t<article class=\"elementor-post elementor-grid-item post-2728 post type-post status-publish format-standard has-post-thumbnail hentry category-informativo\" role=\"listitem\">\n\t\t\t<div class=\"elementor-post__card\">\n\t\t\t\t<a class=\"elementor-post__thumbnail__link\" href=\"https:\/\/desguacesebora.com\/en\/vacaciones-de-verano-para-ti\/\" tabindex=\"-1\" ><div class=\"elementor-post__thumbnail\"><img decoding=\"async\" width=\"300\" height=\"46\" data-src=\"https:\/\/desguacesebora.com\/wp-content\/uploads\/2023\/07\/COCHE-EN-LA-PLAYA-1-300x46.jpeg\" class=\"attachment-medium size-medium wp-image-2758 lazyload\" alt=\"\" data-srcset=\"https:\/\/desguacesebora.com\/wp-content\/uploads\/2023\/07\/COCHE-EN-LA-PLAYA-1-300x46.jpeg 300w, https:\/\/desguacesebora.com\/wp-content\/uploads\/2023\/07\/COCHE-EN-LA-PLAYA-1-1024x158.jpeg 1024w, https:\/\/desguacesebora.com\/wp-content\/uploads\/2023\/07\/COCHE-EN-LA-PLAYA-1-768x118.jpeg 768w, https:\/\/desguacesebora.com\/wp-content\/uploads\/2023\/07\/COCHE-EN-LA-PLAYA-1.jpeg 1272w\" data-sizes=\"(max-width: 300px) 100vw, 300px\" src=\"data:image\/svg+xml;base64,PHN2ZyB3aWR0aD0iMSIgaGVpZ2h0PSIxIiB4bWxucz0iaHR0cDovL3d3dy53My5vcmcvMjAwMC9zdmciPjwvc3ZnPg==\" style=\"--smush-placeholder-width: 300px; --smush-placeholder-aspect-ratio: 300\/46;\" \/><\/div><\/a>\n\t\t\t\t<div class=\"elementor-post__text\">\n\t\t\t\t<h3 class=\"elementor-post__title\">\n\t\t\t<a href=\"https:\/\/desguacesebora.com\/en\/vacaciones-de-verano-para-ti\/\" >\n\t\t\t\tVACACIONES DE VERANO PARA TI\t\t\t<\/a>\n\t\t<\/h3>\n\t\t\t\t<div class=\"elementor-post__excerpt\">\n\t\t\t<p>Se acercan las vacaciones m\u00e1s largas del a\u00f1o y quiz\u00e1s nos planteemos, una vez m\u00e1s, desplazarnos lejos de casa confiando en nuestro ya algo veterano<\/p>\n\t\t<\/div>\n\t\t\n\t\t<a class=\"elementor-post__read-more\" href=\"https:\/\/desguacesebora.com\/en\/vacaciones-de-verano-para-ti\/\" aria-label=\"Read more about VACACIONES DE VERANO PARA TI\" tabindex=\"-1\" >\n\t\t\tLeer M\u00e1s \u00bb\t\t<\/a>\n\n\t\t\t\t<\/div>\n\t\t\t\t\t<\/div>\n\t\t<\/article>\n\t\t\t\t<article class=\"elementor-post elementor-grid-item post-1935 post type-post status-publish format-standard has-post-thumbnail hentry category-informativo\" role=\"listitem\">\n\t\t\t<div class=\"elementor-post__card\">\n\t\t\t\t<a class=\"elementor-post__thumbnail__link\" href=\"https:\/\/desguacesebora.com\/en\/felices-fiestas-navidad-2022\/\" tabindex=\"-1\" ><div class=\"elementor-post__thumbnail\"><img fetchpriority=\"high\" decoding=\"async\" width=\"300\" height=\"300\" src=\"https:\/\/desguacesebora.com\/wp-content\/uploads\/2022\/12\/1-300x300.jpg\" class=\"attachment-medium size-medium wp-image-1956\" alt=\"\" srcset=\"https:\/\/desguacesebora.com\/wp-content\/uploads\/2022\/12\/1-300x300.jpg 300w, https:\/\/desguacesebora.com\/wp-content\/uploads\/2022\/12\/1-1024x1024.jpg 1024w, https:\/\/desguacesebora.com\/wp-content\/uploads\/2022\/12\/1-150x150.jpg 150w, https:\/\/desguacesebora.com\/wp-content\/uploads\/2022\/12\/1-768x768.jpg 768w, https:\/\/desguacesebora.com\/wp-content\/uploads\/2022\/12\/1.jpg 1080w\" sizes=\"(max-width: 300px) 100vw, 300px\" \/><\/div><\/a>\n\t\t\t\t<div class=\"elementor-post__text\">\n\t\t\t\t<h3 class=\"elementor-post__title\">\n\t\t\t<a href=\"https:\/\/desguacesebora.com\/en\/felices-fiestas-navidad-2022\/\" >\n\t\t\t\tFelices Fiestas\t\t\t<\/a>\n\t\t<\/h3>\n\t\t\t\t<div class=\"elementor-post__excerpt\">\n\t\t\t<p>Un a\u00f1o m\u00e1s nos dirigimos a todos nuestros clientes, proveedores y amigos con motivo de las fiestas navide\u00f1as. &nbsp; Navidad no es solo un d\u00eda<\/p>\n\t\t<\/div>\n\t\t\n\t\t<a class=\"elementor-post__read-more\" href=\"https:\/\/desguacesebora.com\/en\/felices-fiestas-navidad-2022\/\" aria-label=\"Read more about Felices Fiestas\" tabindex=\"-1\" >\n\t\t\tLeer M\u00e1s \u00bb\t\t<\/a>\n\n\t\t\t\t<\/div>\n\t\t\t\t\t<\/div>\n\t\t<\/article>\n\t\t\t\t<article class=\"elementor-post elementor-grid-item post-1103 post type-post status-publish format-standard has-post-thumbnail hentry category-informativo\" role=\"listitem\">\n\t\t\t<div class=\"elementor-post__card\">\n\t\t\t\t<a class=\"elementor-post__thumbnail__link\" href=\"https:\/\/desguacesebora.com\/en\/que-hacer-en-caso-de-accidente\/\" tabindex=\"-1\" ><div class=\"elementor-post__thumbnail\"><img decoding=\"async\" width=\"300\" height=\"174\" data-src=\"https:\/\/desguacesebora.com\/wp-content\/uploads\/2022\/10\/car-accident-gb7231ead5_1920-300x174.png\" class=\"attachment-medium size-medium wp-image-282 lazyload\" alt=\"que hacer en caso de accidente\" data-srcset=\"https:\/\/desguacesebora.com\/wp-content\/uploads\/2022\/10\/car-accident-gb7231ead5_1920-300x174.png 300w, https:\/\/desguacesebora.com\/wp-content\/uploads\/2022\/10\/car-accident-gb7231ead5_1920-1024x594.png 1024w, https:\/\/desguacesebora.com\/wp-content\/uploads\/2022\/10\/car-accident-gb7231ead5_1920-768x445.png 768w, https:\/\/desguacesebora.com\/wp-content\/uploads\/2022\/10\/car-accident-gb7231ead5_1920-1536x890.png 1536w, https:\/\/desguacesebora.com\/wp-content\/uploads\/2022\/10\/car-accident-gb7231ead5_1920.png 1920w\" data-sizes=\"(max-width: 300px) 100vw, 300px\" src=\"data:image\/svg+xml;base64,PHN2ZyB3aWR0aD0iMSIgaGVpZ2h0PSIxIiB4bWxucz0iaHR0cDovL3d3dy53My5vcmcvMjAwMC9zdmciPjwvc3ZnPg==\" style=\"--smush-placeholder-width: 300px; --smush-placeholder-aspect-ratio: 300\/174;\" \/><\/div><\/a>\n\t\t\t\t<div class=\"elementor-post__text\">\n\t\t\t\t<h3 class=\"elementor-post__title\">\n\t\t\t<a href=\"https:\/\/desguacesebora.com\/en\/que-hacer-en-caso-de-accidente\/\" >\n\t\t\t\tQue hacer en caso de accidente\t\t\t<\/a>\n\t\t<\/h3>\n\t\t\t\t<div class=\"elementor-post__excerpt\">\n\t\t\t<p>En el momento en el que se produce un siniestro se nos pueden plantear cuestiones como estas \u00bfQu\u00e9 hago? \u00bfCu\u00e1les son las gestiones que debo<\/p>\n\t\t<\/div>\n\t\t\n\t\t<a class=\"elementor-post__read-more\" href=\"https:\/\/desguacesebora.com\/en\/que-hacer-en-caso-de-accidente\/\" aria-label=\"Read more about Que hacer en caso de accidente\" tabindex=\"-1\" >\n\t\t\tLeer M\u00e1s \u00bb\t\t<\/a>\n\n\t\t\t\t<\/div>\n\t\t\t\t\t<\/div>\n\t\t<\/article>\n\t\t\t\t<\/div>\n\t\t\n\t\t\t\t\t\t<\/div>\n\t\t\t\t<\/div>\n\t\t\t\t<div class=\"elementor-element elementor-element-58fc8f3 elementor-widget-divider--view-line elementor-widget elementor-widget-divider\" data-id=\"58fc8f3\" data-element_type=\"widget\" data-widget_type=\"divider.default\">\n\t\t\t\t<div class=\"elementor-widget-container\">\n\t\t\t\t\t\t\t<div class=\"elementor-divider\">\n\t\t\t<span class=\"elementor-divider-separator\">\n\t\t\t\t\t\t<\/span>\n\t\t<\/div>\n\t\t\t\t\t\t<\/div>\n\t\t\t\t<\/div>\n\t\t\t\t<div class=\"elementor-element elementor-element-7bc8b53 elementor-widget elementor-widget-spacer\" data-id=\"7bc8b53\" data-element_type=\"widget\" data-widget_type=\"spacer.default\">\n\t\t\t\t<div class=\"elementor-widget-container\">\n\t\t\t\t\t\t\t<div class=\"elementor-spacer\">\n\t\t\t<div class=\"elementor-spacer-inner\"><\/div>\n\t\t<\/div>\n\t\t\t\t\t\t<\/div>\n\t\t\t\t<\/div>\n\t\t\t\t\t<\/div>\n\t\t<\/div>\n\t\t\t\t\t<\/div>\n\t\t<\/section>\n\t\t\t\t<\/div>","protected":false},"excerpt":{"rendered":"<p>NUESTRAS NOVEDADES Encuentra aqu\u00ed las ultimas novedades en cuanto a nuestro desguace, piezas, motores, recambios e informaci\u00f3n a destacar del mundo del desguace. Adem\u00e1s de nuestros consejos y recomendaciones.<\/p>","protected":false},"author":1,"featured_media":0,"parent":0,"menu_order":0,"comment_status":"closed","ping_status":"closed","template":"elementor_header_footer","meta":{"_monsterinsights_skip_tracking":false,"_monsterinsights_sitenote_active":false,"_monsterinsights_sitenote_note":"","_monsterinsights_sitenote_category":0,"footnotes":""},"class_list":["post-1113","page","type-page","status-publish","hentry"],"yoast_head":"<!-- This site is optimized with the Yoast SEO Premium plugin v18.9 (Yoast SEO v25.8) - https:\/\/yoast.com\/wordpress\/plugins\/seo\/ -->\n<title>Novedades - Desguaces Ebora<\/title>\n<meta name=\"description\" content=\"Mantente informado de nuestras \u00faltimas novedades sobre nuestro desguace, piezas, motores, recambios, consejos y recomendaciones.\" \/>\n<meta name=\"robots\" content=\"index, follow, max-snippet:-1, max-image-preview:large, max-video-preview:-1\" \/>\n<link rel=\"canonical\" href=\"https:\/\/desguacesebora.com\/en\/novedades\/\" \/>\n<meta property=\"og:locale\" content=\"en_US\" \/>\n<meta property=\"og:type\" content=\"article\" \/>\n<meta property=\"og:title\" content=\"Novedades\" \/>\n<meta property=\"og:description\" content=\"Mantente informado de nuestras \u00faltimas novedades sobre nuestro desguace, piezas, motores, recambios, consejos y recomendaciones.\" \/>\n<meta property=\"og:url\" content=\"https:\/\/desguacesebora.com\/en\/novedades\/\" \/>\n<meta property=\"og:site_name\" content=\"Desguaces Ebora\" \/>\n<meta property=\"article:publisher\" content=\"https:\/\/es-la.facebook.com\/desguaces.ebora\/\" \/>\n<meta property=\"article:modified_time\" content=\"2022-11-21T07:32:40+00:00\" \/>\n<meta name=\"twitter:card\" content=\"summary_large_image\" \/>\n<meta name=\"twitter:label1\" content=\"Est. reading time\" \/>\n\t<meta name=\"twitter:data1\" content=\"4 minutes\" \/>\n<script type=\"application\/ld+json\" class=\"yoast-schema-graph\">{\"@context\":\"https:\/\/schema.org\",\"@graph\":[{\"@type\":\"WebPage\",\"@id\":\"https:\/\/desguacesebora.com\/novedades\/\",\"url\":\"https:\/\/desguacesebora.com\/novedades\/\",\"name\":\"Novedades - Desguaces Ebora\",\"isPartOf\":{\"@id\":\"https:\/\/desguacesebora.com\/#website\"},\"datePublished\":\"2022-10-31T16:18:38+00:00\",\"dateModified\":\"2022-11-21T07:32:40+00:00\",\"description\":\"Mantente informado de nuestras \u00faltimas novedades sobre nuestro desguace, piezas, motores, recambios, consejos y recomendaciones.\",\"breadcrumb\":{\"@id\":\"https:\/\/desguacesebora.com\/novedades\/#breadcrumb\"},\"inLanguage\":\"en-US\",\"potentialAction\":[{\"@type\":\"ReadAction\",\"target\":[\"https:\/\/desguacesebora.com\/novedades\/\"]}]},{\"@type\":\"BreadcrumbList\",\"@id\":\"https:\/\/desguacesebora.com\/novedades\/#breadcrumb\",\"itemListElement\":[{\"@type\":\"ListItem\",\"position\":1,\"name\":\"Portada\",\"item\":\"https:\/\/desguacesebora.com\/\"},{\"@type\":\"ListItem\",\"position\":2,\"name\":\"Novedades\"}]},{\"@type\":\"WebSite\",\"@id\":\"https:\/\/desguacesebora.com\/#website\",\"url\":\"https:\/\/desguacesebora.com\/\",\"name\":\"Desguaces Ebora\",\"description\":\"CENTRO DE RECICLADO DEL AUTOM\u00d3VIL\",\"publisher\":{\"@id\":\"https:\/\/desguacesebora.com\/#organization\"},\"potentialAction\":[{\"@type\":\"SearchAction\",\"target\":{\"@type\":\"EntryPoint\",\"urlTemplate\":\"https:\/\/desguacesebora.com\/?s={search_term_string}\"},\"query-input\":{\"@type\":\"PropertyValueSpecification\",\"valueRequired\":true,\"valueName\":\"search_term_string\"}}],\"inLanguage\":\"en-US\"},{\"@type\":\"Organization\",\"@id\":\"https:\/\/desguacesebora.com\/#organization\",\"name\":\"Desguaces Ebora\",\"url\":\"https:\/\/desguacesebora.com\/\",\"logo\":{\"@type\":\"ImageObject\",\"inLanguage\":\"en-US\",\"@id\":\"https:\/\/desguacesebora.com\/#\/schema\/logo\/image\/\",\"url\":\"https:\/\/desguacesebora.com\/wp-content\/uploads\/2022\/10\/cropped-LOGOTIPO-DESGUACES-EBORA.png\",\"contentUrl\":\"https:\/\/desguacesebora.com\/wp-content\/uploads\/2022\/10\/cropped-LOGOTIPO-DESGUACES-EBORA.png\",\"width\":576,\"height\":250,\"caption\":\"Desguaces Ebora\"},\"image\":{\"@id\":\"https:\/\/desguacesebora.com\/#\/schema\/logo\/image\/\"},\"sameAs\":[\"https:\/\/es-la.facebook.com\/desguaces.ebora\/\",\"https:\/\/www.instagram.com\/desguaces_ebora\/?hl=es\"]}]}<\/script>\n<!-- \/ Yoast SEO Premium plugin. -->","yoast_head_json":{"title":"Novedades - Desguaces Ebora","description":"Mantente informado de nuestras \u00faltimas novedades sobre nuestro desguace, piezas, motores, recambios, consejos y recomendaciones.","robots":{"index":"index","follow":"follow","max-snippet":"max-snippet:-1","max-image-preview":"max-image-preview:large","max-video-preview":"max-video-preview:-1"},"canonical":"https:\/\/desguacesebora.com\/en\/novedades\/","og_locale":"en_US","og_type":"article","og_title":"Novedades","og_description":"Mantente informado de nuestras \u00faltimas novedades sobre nuestro desguace, piezas, motores, recambios, consejos y recomendaciones.","og_url":"https:\/\/desguacesebora.com\/en\/novedades\/","og_site_name":"Desguaces Ebora","article_publisher":"https:\/\/es-la.facebook.com\/desguaces.ebora\/","article_modified_time":"2022-11-21T07:32:40+00:00","twitter_card":"summary_large_image","twitter_misc":{"Est. reading time":"4 minutes"},"schema":{"@context":"https:\/\/schema.org","@graph":[{"@type":"WebPage","@id":"https:\/\/desguacesebora.com\/novedades\/","url":"https:\/\/desguacesebora.com\/novedades\/","name":"Novedades - Desguaces Ebora","isPartOf":{"@id":"https:\/\/desguacesebora.com\/#website"},"datePublished":"2022-10-31T16:18:38+00:00","dateModified":"2022-11-21T07:32:40+00:00","description":"Mantente informado de nuestras \u00faltimas novedades sobre nuestro desguace, piezas, motores, recambios, consejos y recomendaciones.","breadcrumb":{"@id":"https:\/\/desguacesebora.com\/novedades\/#breadcrumb"},"inLanguage":"en-US","potentialAction":[{"@type":"ReadAction","target":["https:\/\/desguacesebora.com\/novedades\/"]}]},{"@type":"BreadcrumbList","@id":"https:\/\/desguacesebora.com\/novedades\/#breadcrumb","itemListElement":[{"@type":"ListItem","position":1,"name":"Portada","item":"https:\/\/desguacesebora.com\/"},{"@type":"ListItem","position":2,"name":"Novedades"}]},{"@type":"WebSite","@id":"https:\/\/desguacesebora.com\/#website","url":"https:\/\/desguacesebora.com\/","name":"Desguaces Ebora","description":"CENTRO DE RECICLADO DEL AUTOM\u00d3VIL","publisher":{"@id":"https:\/\/desguacesebora.com\/#organization"},"potentialAction":[{"@type":"SearchAction","target":{"@type":"EntryPoint","urlTemplate":"https:\/\/desguacesebora.com\/?s={search_term_string}"},"query-input":{"@type":"PropertyValueSpecification","valueRequired":true,"valueName":"search_term_string"}}],"inLanguage":"en-US"},{"@type":"Organization","@id":"https:\/\/desguacesebora.com\/#organization","name":"Desguaces Ebora","url":"https:\/\/desguacesebora.com\/","logo":{"@type":"ImageObject","inLanguage":"en-US","@id":"https:\/\/desguacesebora.com\/#\/schema\/logo\/image\/","url":"https:\/\/desguacesebora.com\/wp-content\/uploads\/2022\/10\/cropped-LOGOTIPO-DESGUACES-EBORA.png","contentUrl":"https:\/\/desguacesebora.com\/wp-content\/uploads\/2022\/10\/cropped-LOGOTIPO-DESGUACES-EBORA.png","width":576,"height":250,"caption":"Desguaces Ebora"},"image":{"@id":"https:\/\/desguacesebora.com\/#\/schema\/logo\/image\/"},"sameAs":["https:\/\/es-la.facebook.com\/desguaces.ebora\/","https:\/\/www.instagram.com\/desguaces_ebora\/?hl=es"]}]}},"_links":{"self":[{"href":"https:\/\/desguacesebora.com\/en\/wp-json\/wp\/v2\/pages\/1113","targetHints":{"allow":["GET"]}}],"collection":[{"href":"https:\/\/desguacesebora.com\/en\/wp-json\/wp\/v2\/pages"}],"about":[{"href":"https:\/\/desguacesebora.com\/en\/wp-json\/wp\/v2\/types\/page"}],"author":[{"embeddable":true,"href":"https:\/\/desguacesebora.com\/en\/wp-json\/wp\/v2\/users\/1"}],"replies":[{"embeddable":true,"href":"https:\/\/desguacesebora.com\/en\/wp-json\/wp\/v2\/comments?post=1113"}],"version-history":[{"count":68,"href":"https:\/\/desguacesebora.com\/en\/wp-json\/wp\/v2\/pages\/1113\/revisions"}],"predecessor-version":[{"id":1547,"href":"https:\/\/desguacesebora.com\/en\/wp-json\/wp\/v2\/pages\/1113\/revisions\/1547"}],"wp:attachment":[{"href":"https:\/\/desguacesebora.com\/en\/wp-json\/wp\/v2\/media?parent=1113"}],"curies":[{"name":"wp","href":"https:\/\/api.w.org\/{rel}","templated":true}]}}